{"id":15,"date":"2024-07-24T13:59:54","date_gmt":"2024-07-24T13:59:54","guid":{"rendered":"https:\/\/www.provencecotedazurgolf.com\/?page_id=15"},"modified":"2024-07-24T14:38:38","modified_gmt":"2024-07-24T14:38:38","slug":"policy","status":"publish","type":"page","link":"http:\/\/www.provencecotedazurgolf.com\/?page_id=15","title":{"rendered":"L\u00c9GALES"},"content":{"rendered":"\n<p>Le site&nbsp;wwww.provencegolf.com&nbsp;&nbsp;est \u00e9dit\u00e9 par LA ROUTE DES GOLFS SAS au capital de 1 000 euros.<\/p>\n\n\n\n<p>R.C.S&nbsp; 853&nbsp;928&nbsp;794 PARIS52815317573<\/p>\n\n\n\n<p>Le si\u00e8ge social de LA ROUTE DES GOLFS&nbsp; est situ\u00e9 au&nbsp;91 rue du faubourg St Honor\u00e9,&nbsp;75 008 Paris<\/p>\n\n\n\n<h3 class=\"wp-block-heading has-medium-font-size\"><strong>Pr\u00e9sident<\/strong><\/h3>\n\n\n\n<p>Monsieur Gilles RUBINSTEIN<\/p>\n\n\n\n<p>Le pr\u00e9sent site est h\u00e9berg\u00e9 par la soci\u00e9t\u00e9 online.net<\/p>\n\n\n\n<h3 class=\"wp-block-heading has-medium-font-size\"><strong>Informations techniques<\/strong><\/h3>\n\n\n\n<p>Il est rappel\u00e9 que le secret des correspondances n\u2019est pas garanti sur le r\u00e9seau Internet et qu\u2019il appartient \u00e0 chaque utilisateur d\u2019Internet de prendre toutes les mesures appropri\u00e9es de fa\u00e7on \u00e0 prot\u00e9ger ses propres donn\u00e9es et\/ou logiciels de la contamination d\u2019\u00e9ventuels virus circulant sur Internet.<\/p>\n\n\n\n<h3 class=\"wp-block-heading has-medium-font-size\"><strong>Cookies<\/strong><\/h3>\n\n\n\n<p>Vous \u00eates inform\u00e9 que lors de vos visites sur le site www.provencecotedazurgolf.com , un cookie peut s\u2019installer automatiquement et \u00eatre conserv\u00e9 temporairement en m\u00e9moire de votre ordinateur ou terminal ou sur votre disque dur.<\/p>\n\n\n\n<p>Ce cookie sert \u00e0 enregistrer des informations relatives \u00e0 votre navigation sur le site p www.provencegolf.com<\/p>\n\n\n\n<p>L utilise ce genre de cookies pour :<\/p>\n\n\n\n<p>\u2013 analyser le comportement des internautes sur son site,<\/p>\n\n\n\n<p>\u2013 am\u00e9liorer ses services, en proposant du contenu personnalis\u00e9 en fonction des pr\u00e9f\u00e9rences et de l\u2019historique de navigation.<\/p>\n\n\n\n<p>Vous reconnaissez avoir \u00e9t\u00e9 inform\u00e9s de cette pratique et autorisez La route des golfs \u00e0 l\u2019employer. Vous pourrez d\u00e9sactiver ou supprimer ce cookie par l\u2019interm\u00e9diaire des param\u00e8tres figurant au sein de votre logiciel de navigation.<\/p>\n\n\n\n<p>Vous \u00eates inform\u00e9 que lors de vos visites sur le site www.provencecotedazurgolf.com , un cookie peut s\u2019installer automatiquement et \u00eatre conserv\u00e9 temporairement en m\u00e9moire de votre ordinateur ou terminal ou sur votre disque dur.<\/p>\n\n\n\n<p>Ce cookie sert \u00e0 enregistrer des informations relatives \u00e0 votre navigation sur le site p www.provencegolf.com<\/p>\n\n\n\n<p><\/p>\n","protected":false},"excerpt":{"rendered":"<p>Le site&nbsp;wwww.provencegolf.com&nbsp;&nbsp;est \u00e9dit\u00e9 par LA ROUTE DES GOLFS SAS au capital de 1 000 euros. R.C.S&nbsp; 853&nbsp;928&nbsp;794 PARIS52815317573 Le si\u00e8ge social de LA ROUTE DES GOLFS&nbsp; est situ\u00e9 au&nbsp;91 rue du faubourg St Honor\u00e9,&nbsp;75 008 Paris Pr\u00e9sident Monsieur Gilles RUBINSTEIN Le pr\u00e9sent site est h\u00e9berg\u00e9 par la soci\u00e9t\u00e9 online.net Informations techniques Il est rappel\u00e9 que [&hellip;]<\/p>\n","protected":false},"author":1,"featured_media":0,"parent":0,"menu_order":3,"comment_status":"closed","ping_status":"closed","template":"","meta":{"footnotes":""},"class_list":["post-15","page","type-page","status-publish","hentry"],"_links":{"self":[{"href":"http:\/\/www.provencecotedazurgolf.com\/index.php?rest_route=\/wp\/v2\/pages\/15","targetHints":{"allow":["GET"]}}],"collection":[{"href":"http:\/\/www.provencecotedazurgolf.com\/index.php?rest_route=\/wp\/v2\/pages"}],"about":[{"href":"http:\/\/www.provencecotedazurgolf.com\/index.php?rest_route=\/wp\/v2\/types\/page"}],"author":[{"embeddable":true,"href":"http:\/\/www.provencecotedazurgolf.com\/index.php?rest_route=\/wp\/v2\/users\/1"}],"replies":[{"embeddable":true,"href":"http:\/\/www.provencecotedazurgolf.com\/index.php?rest_route=%2Fwp%2Fv2%2Fcomments&post=15"}],"version-history":[{"count":4,"href":"http:\/\/www.provencecotedazurgolf.com\/index.php?rest_route=\/wp\/v2\/pages\/15\/revisions"}],"predecessor-version":[{"id":22,"href":"http:\/\/www.provencecotedazurgolf.com\/index.php?rest_route=\/wp\/v2\/pages\/15\/revisions\/22"}],"wp:attachment":[{"href":"http:\/\/www.provencecotedazurgolf.com\/index.php?rest_route=%2Fwp%2Fv2%2Fmedia&parent=15"}],"curies":[{"name":"wp","href":"https:\/\/api.w.org\/{rel}","templated":true}]}}